{"id":43,"date":"2024-04-02T12:34:38","date_gmt":"2024-04-02T10:34:38","guid":{"rendered":"https:\/\/www.metodococinas.com\/?page_id=43"},"modified":"2024-04-03T09:56:46","modified_gmt":"2024-04-03T07:56:46","slug":"metodo-cocinas","status":"publish","type":"page","link":"https:\/\/www.metodococinas.com\/","title":{"rendered":"M\u00e9todo Cocinas"},"content":{"rendered":"\n<h2 class=\"gb-headline gb-headline-dcf63aa3 gb-headline-text\">Profesionalidad y ambiente agradable.<\/h2>\n\n\n<div class=\"gb-container gb-container-911aac0b\">\n\n<h3 class=\"gb-headline gb-headline-92b9c290\"><span class=\"gb-icon\"><svg viewBox=\"0 0 512 512\" xmlns=\"http:\/\/www.w3.org\/2000\/svg\"><path d=\"M352 96c0 14.3-3.1 27.9-8.8 40.2L396 227.4c-23.7 25.3-54.2 44.1-88.5 53.6L256 192h0 0l-68 117.5c21.5 6.8 44.3 10.5 68.1 10.5c70.7 0 133.8-32.7 174.9-84c11.1-13.8 31.2-16 45-5s16 31.2 5 45C428.1 341.8 347 384 256 384c-35.4 0-69.4-6.4-100.7-18.1L98.7 463.7C94 471.8 87 478.4 78.6 482.6L23.2 510.3c-5 2.5-10.9 2.2-15.6-.7S0 501.5 0 496V440.6c0-8.4 2.2-16.7 6.5-24.1l60-103.7C53.7 301.6 41.8 289.3 31.2 276c-11.1-13.8-8.8-33.9 5-45s33.9-8.8 45 5c5.7 7.1 11.8 13.8 18.2 20.1l69.4-119.9c-5.6-12.2-8.8-25.8-8.8-40.2c0-53 43-96 96-96s96 43 96 96zm21 297.9c32.6-12.8 62.5-30.8 88.9-52.9l43.7 75.5c4.2 7.3 6.5 15.6 6.5 24.1V496c0 5.5-2.9 10.7-7.6 13.6s-10.6 3.2-15.6 .7l-55.4-27.7c-8.4-4.2-15.4-10.8-20.1-18.9L373 393.9zM256 128a32 32 0 1 0 0-64 32 32 0 1 0 0 64z\"><\/path><\/svg><\/span><span class=\"gb-headline-text\">Experiencia y profesionalidad<\/span><\/h3>\n\n\n\n<p class=\"gb-headline gb-headline-dc3ba818 gb-headline-text\">En COCINAS METODO nos dedicamos a la fabricaci\u00f3n de muebles de cocina, para quienes buscan cocinas practicas e innovadoras, capaces de responder con eficacia a las exigencias de la vida contempor\u00e1nea.<\/p>\n\n\n\n<p class=\"gb-headline gb-headline-2699b559 gb-headline-text\">Todas nuestras cocinas y ba\u00f1os est\u00e1n dise\u00f1ados de tal forma que el cliente pueda personalizarlo a su gusto, con una amplia variedad de colores, materiales y acabados.<\/p>\n\n\n\n<p class=\"gb-headline gb-headline-4e50d39a gb-headline-text\">Cualquier estilo se puede fabricar en una extensa gama de acabados, respondiendo a las exigencias del modelo de vida actual. Utilizamos maderas naturales, lacadas, satinadas, estratificados, laminados&#8230; combin\u00e1ndose perfectamente con encimeras de piedra, granito, Naturam\u00eda, Silestone, Compac, Neolith&#8230;<\/p>\n\n<\/div>","protected":false},"excerpt":{"rendered":"<p>Profesionalidad y ambiente agradable. Experiencia y profesionalidad En COCINAS METODO nos dedicamos a la fabricaci\u00f3n de muebles de cocina, para quienes buscan cocinas practicas e innovadoras, capaces de responder con eficacia a las exigencias de la vida contempor\u00e1nea. Todas nuestras cocinas y ba\u00f1os est\u00e1n dise\u00f1ados de tal forma que el cliente pueda personalizarlo a su &#8230; <a title=\"M\u00e9todo Cocinas\" class=\"read-more\" href=\"https:\/\/www.metodococinas.com\/\" aria-label=\"Leer m\u00e1s sobre M\u00e9todo Cocinas\">Leer m\u00e1s<\/a><\/p>\n","protected":false},"author":1,"featured_media":0,"parent":0,"menu_order":0,"comment_status":"closed","ping_status":"closed","template":"","meta":{"footnotes":""},"class_list":["post-43","page","type-page","status-publish"],"_links":{"self":[{"href":"https:\/\/www.metodococinas.com\/index.php?rest_route=\/wp\/v2\/pages\/43","targetHints":{"allow":["GET"]}}],"collection":[{"href":"https:\/\/www.metodococinas.com\/index.php?rest_route=\/wp\/v2\/pages"}],"about":[{"href":"https:\/\/www.metodococinas.com\/index.php?rest_route=\/wp\/v2\/types\/page"}],"author":[{"embeddable":true,"href":"https:\/\/www.metodococinas.com\/index.php?rest_route=\/wp\/v2\/users\/1"}],"replies":[{"embeddable":true,"href":"https:\/\/www.metodococinas.com\/index.php?rest_route=%2Fwp%2Fv2%2Fcomments&post=43"}],"version-history":[{"count":5,"href":"https:\/\/www.metodococinas.com\/index.php?rest_route=\/wp\/v2\/pages\/43\/revisions"}],"predecessor-version":[{"id":164,"href":"https:\/\/www.metodococinas.com\/index.php?rest_route=\/wp\/v2\/pages\/43\/revisions\/164"}],"wp:attachment":[{"href":"https:\/\/www.metodococinas.com\/index.php?rest_route=%2Fwp%2Fv2%2Fmedia&parent=43"}],"curies":[{"name":"wp","href":"https:\/\/api.w.org\/{rel}","templated":true}]}}